{"id":7,"date":"2023-08-12T14:30:04","date_gmt":"2023-08-12T14:30:04","guid":{"rendered":"https:\/\/mathieu-renovation.ch\/?page_id=7"},"modified":"2023-08-14T08:06:07","modified_gmt":"2023-08-14T08:06:07","slug":"home","status":"publish","type":"page","link":"https:\/\/mathieu-renovation.ch\/","title":{"rendered":"Mathieu R\u00e9novation"},"content":{"rendered":"\n<div style=\"width:100%\">\n<section id=\"slider-section\" class=\"slider-wrapper\">\n\t<div class=\"main-slider owl-carousel owl-theme owl-loaded\">\n\t\t\t\t\t\n\t\t\t\t\t\n\t\t\t<div class=\"owl-stage-outer\"><div class=\"owl-stage\" style=\"transform: translate3d(-1148px, 0px, 0px); transition: all 0s ease 0s; width: 2296px;\"><div class=\"owl-item prev\" style=\"width: 1148px;\"><div class=\"item\">\n\t\t\t\t\t\t\t\t\t<img decoding=\"async\" src=\"https:\/\/mathieu-renovation.ch\/wp-content\/uploads\/2023\/08\/2-e1691851237632-300x204.jpg\" data-img-url=\"https:\/\/mathieu-renovation.ch\/wp-content\/uploads\/2023\/08\/2-e1691851237632-300x204.jpg\" alt=\"\">\n\t\t\t\t\t\n\t\t\t\t<div class=\"theme-slider\">\n\t\t\t\t\t<div class=\"theme-table\">\n\t\t\t\t\t\t<div class=\"theme-table-cell\">\n\t\t\t\t\t\t\t<div class=\"av-container\">                                \n\t\t\t\t\t\t\t\t<div class=\"theme-content text-left wow zoomIn\" style=\"visibility: visible; animation-name: zoomIn;\">\n\t\t\t\t\t\t\t\t\t\t\t\t\t\t\t\t\t\t\t<h3 data-animation=\"fadeInUp\" data-delay=\"150ms\" style=\"animation-delay: 150ms; opacity: 0;\">R\u00e9novez<\/h3>\n\t\t\t\t\t\t\t\t\t\t\t\t\t\t\t\t\t\t\n\t\t\t\t\t\t\t\t\t\t\t\t\t\t\t\t\t\t\t<h1 data-animation=\"fadeInLeft\" data-delay=\"200ms\" style=\"animation-delay: 200ms; opacity: 0;\">Nettoyage et d\u00e9capage  <span class=\"primary-color\">fa\u00e7ade<\/span><\/h1>   \n\t\t\t\t\t\t\t\t\t\t\t\t\t\t\t\t\t\t\n\t\t\t\t\t\t\t\t\t\t\t\t\t\t\t\t\t\t\n\t\t\t\t\t\t\t\t\t\t\t\t\t\t\t\t\t<\/div>\n\t\t\t\t\t\t\t<\/div>\n\t\t\t\t\t\t<\/div>\n\t\t\t\t\t<\/div>\n\t\t\t\t<\/div>\n\t\t\t<\/div><\/div><div class=\"owl-item active\" style=\"width: 1148px;\"><div class=\"item\">\n\t\t\t\t\t\t\t\t\t<img decoding=\"async\" src=\"https:\/\/mathieu-renovation.ch\/wp-content\/uploads\/2023\/08\/3-e1691851430770-300x226.jpg\" data-img-url=\"https:\/\/mathieu-renovation.ch\/wp-content\/uploads\/2023\/08\/3-e1691851430770-300x226.jpg\" alt=\"\">\n\t\t\t\t\t\n\t\t\t\t<div class=\"theme-slider\">\n\t\t\t\t\t<div class=\"theme-table\">\n\t\t\t\t\t\t<div class=\"theme-table-cell\">\n\t\t\t\t\t\t\t<div class=\"av-container\">                                \n\t\t\t\t\t\t\t\t<div class=\"theme-content text-center wow zoomIn\" style=\"visibility: visible; animation-name: zoomIn;\">\n\t\t\t\t\t\t\t\t\t\t\t\t\t\t\t\t\t\t\t<h3 data-animation=\"fadeInUp\" data-delay=\"150ms\" style=\"animation-delay: 150ms; opacity: 1;\" class=\"fadeInUp\">R\u00e9novez<\/h3>\n\t\t\t\t\t\t\t\t\t\t\t\t\t\t\t\t\t\t\n\t\t\t\t\t\t\t\t\t\t\t\t\t\t\t\t\t\t\t<h1 data-animation=\"fadeInUp\" data-delay=\"200ms\" style=\"animation-delay: 200ms; opacity: 1;\" class=\"fadeInUp\">Nettoyage et d\u00e9capage <span class=\"primary-color\">toiture<\/span><\/h1>   \n\t\t\t\t\t\t\t\t\t\t\t\t\t\t\t\t\t\t\n\t\t\t\t\t\t\t\t\t\t\t\t\t\t\t\t\t\t\n\t\t\t\t\t\t\t\t\t\t\t\t\t\t\t\t\t<\/div>\n\t\t\t\t\t\t\t<\/div>\n\t\t\t\t\t\t<\/div>\n\t\t\t\t\t<\/div>\n\t\t\t\t<\/div>\n\t\t\t<\/div><\/div><\/div><\/div><div class=\"owl-nav\"><button type=\"button\" role=\"presentation\" class=\"owl-prev\" style=\"background-image: url(&quot;https:\/\/mathieu-renovation.ch\/wp-content\/uploads\/2023\/08\/2-e1691851237632-300x204.jpg&quot;);\"><i class=\"fa fa-chevron-left\"><\/i> <span>SLIDE<\/span><\/button><button type=\"button\" role=\"presentation\" class=\"owl-next disabled\" style=\"background-image: url(&quot;undefined&quot;);\"><span>SLIDE<\/span> <i class=\"fa fa-chevron-right\"><\/i><\/button><\/div><div class=\"owl-dots disabled\"><\/div><div class=\"owl-thumbs\"><\/div><\/div>\n<\/section>\n<section id=\"cta-section\" class=\"cta-section home-cta cta-effect-active jquery-ripples\" style=\"background-image: none;\">\n\t<div class=\"cta-overlay\">\n\t\t<div class=\"av-container\">\n\t\t\t<div class=\"av-columns-area\">\n\t\t\t\t<div class=\"av-column-5 my-auto\">\n\t\t\t\t\t<div class=\"call-wrapper\">\n\t\t\t\t\t\t\t\t\t\t\t\t\t<div class=\"call-icon-box\"><i class=\"fa fa-user\"><\/i><\/div>\n\t\t\t\t\t\t\t\t\t\t\t\t\t\t\t\t\t\t\t<div class=\"cta-info\">\n\t\t\t\t\t\t\t\t<div class=\"call-title\">Appelez-Nous !<\/div>\n\t\t\t\t\t\t\t\t<div class=\"call-phone\"><a href=\"#\">+41 76 792 14 73<\/a><\/div>\n\t\t\t\t\t\t\t<\/div>\n\t\t\t\t\t\t\t\t\t\t\t<\/div>\n\t\t\t\t<\/div>\n\t\t\t\t<div class=\"av-column-7 my-auto\">\n\t\t\t\t\t<div class=\"cta-content-wrap\">\n\t\t\t\t\t\t<div class=\"cta-content\">\n\t\t\t\t\t\t\t\t\t\t\t\t\t\t\t<span class=\"cta-icon-wrap\"><i class=\"fa fa-phone\"><\/i><\/span>\n\t\t\t\t\t\t\t\t\t\t\t\t\t\t\t\t\t\t\t\t\t\t\t\t\t\t\t<\/div>\n\t\t\t\t\t\t\n\t\t\t\t\t\t\t\t\t\t\t\t\t<div class=\"cta-btn\">\n\t\t\t\t\t\t\t\t<a href=\"https:\/\/be.chregister.ch\/cr-portal\/auszug\/auszug.xhtml?uid=CHE-332.052.735\" class=\"av-btn av-btn-primary av-btn-bubble\">Registre du commerce <i class=\"fa fa-arrow-right\"><\/i> <span class=\"bubble_effect\"><span class=\"circle top-left\"><\/span> <span class=\"circle top-left\"><\/span> <span class=\"circle top-left\"><\/span> <span class=\"button effect-button\"><\/span> <span class=\"circle bottom-right\"><\/span> <span class=\"circle bottom-right\"><\/span> <span class=\"circle bottom-right\"><\/span><\/span><\/a>\n\t\t\t\t\t\t\t<\/div>\n\t\t\t\t\t\t\t\n\t\t\t\t\t<\/div>\n\t\t\t\t<\/div>\n\t\t\t<\/div>\n\t\t<\/div>\n\t<\/div>\n<canvas width=\"1148\" height=\"176\" style=\"position: absolute; inset: 0px; z-index: -1;\"><\/canvas><\/section>\n\t\n<section id=\"features-section\" class=\"features-section bg-primary-light av-py-default features-home shapes-section\">\n\t<div class=\"av-container\">\n\t\t<div class=\"av-columns-area wow fadeInUp\" style=\"visibility: visible; animation-name: fadeInUp;\">\n\t\t\t\t\t\t<div class=\"av-column-7\">\n\t\t\t\t\t\t\t\t\t\t\t\t<div class=\"av-columns-area\">\n\t\t\t\t\t\t<div class=\"av-column-12\">\n\t\t\t\t\t\t\t<div class=\"heading-default text-left wow fadeInUp\" style=\"visibility: visible; animation-name: fadeInUp;\">\n\t\t\t\t\t\t\t\t\t\t\t\t\t\t\t\t\t<h3>Ce que nous<span class=\"primary-color\">faisons ?<\/span><\/h3>\n\t\t\t\t\t\t\t\t\t<span class=\"separator\"><span><span><\/span><\/span><\/span>\n\t\t\t\t\t\t\t\t\t\t\t\t\t\t\t\t\t\t\t\t\t\t\t\t\t<p>Nous faisons tous travaux domestiques, r\u00e9nvations d\u00e9capages nettoyages. Fa\u00e7ades, toitures et terrasses.<\/p>\n\t\t\t\t\t\t\t\t\t\n\t\t\t\t\t\t\t<\/div>\n\t\t\t\t\t\t<\/div>\n\t\t\t\t\t<\/div>\n\t\t\t\t\t\t\t\t<div class=\"av-columns-area features-contents\">\n\t\t\t\t\t<span class=\"tilter d-none\"><\/span>\n\t\t\t\t\t\t\t\t\t\t\t<div class=\"av-column-6 av-sm-column-6 tilter\">\n\t\t\t\t\t\t\t<div class=\"tilter__figure\">\n\t\t\t\t\t\t\t\t<div class=\"features-item\">\n\t\t\t\t\t\t\t\t\t<div class=\"features-inner tilter__caption\">\n\t\t\t\t\t\t\t\t\t\t\t\t\t\t\t\t\t\t\t\t\t<div class=\"features-icon\">\n\t\t\t\t\t\t\t\t\t\t\t\t<i class=\"fa fa-car\"><\/i>\n\t\t\t\t\t\t\t\t\t\t\t<\/div>\n\t\t\t\t\t\t\t\t\t\t\t\t\t\t\t\t\t\t\t\t\n\t\t\t\t\t\t\t\t\t\t\t\t\t\t\t\t\t\t\t\t\t<div class=\"features-content\">\n\t\t\t\t\t\t\t\t\t\t\t\t<h6 class=\"features-title\"><a href=\"#\">D\u00e9placements gratuits<\/a><\/h6>\n\t\t\t\t\t\t\t\t\t\t\t\t<p>Dans tous l&rsquo;ouest de la suisse<\/p>\n\t\t\t\t\t\t\t\t\t\t\t<\/div>\n\t\t\t\t\t\t\t\t\t\t\t\t\t\t\t\t\t\t\t\t\n\t\t\t\t\t\t\t\t\t\t\n\t\t\t\t\t\t\t\t\t\t\t\t\t\t\t\t\t\t\t\t\t<div class=\"modern-icon\"><i class=\"fa fa-car\"><\/i><\/div>\n\t\t\t\t\t\t\t\t\t\t\t\t\t\t\t\t\t\t\t\t\n\t\t\t\t\t\t\t\t\t<\/div>\n\t\t\t\t\t\t\t\t\t<div class=\"tilter__deco--lines\"><\/div>\n\t\t\t\t\t\t\t\t<\/div>\n\t\t\t\t\t\t\t<\/div>\n\t\t\t\t\t\t<\/div>\n\t\t\t\t\t\t\t\t\t\t\t<div class=\"av-column-6 av-sm-column-6 tilter\">\n\t\t\t\t\t\t\t<div class=\"tilter__figure\">\n\t\t\t\t\t\t\t\t<div class=\"features-item\">\n\t\t\t\t\t\t\t\t\t<div class=\"features-inner tilter__caption\">\n\t\t\t\t\t\t\t\t\t\t\t\t\t\t\t\t\t\t\t\t\t<div class=\"features-icon\">\n\t\t\t\t\t\t\t\t\t\t\t\t<i class=\"fa fa-question\"><\/i>\n\t\t\t\t\t\t\t\t\t\t\t<\/div>\n\t\t\t\t\t\t\t\t\t\t\t\t\t\t\t\t\t\t\t\t\n\t\t\t\t\t\t\t\t\t\t\t\t\t\t\t\t\t\t\t\t\t<div class=\"features-content\">\n\t\t\t\t\t\t\t\t\t\t\t\t<h6 class=\"features-title\"><a href=\"\">Devis gratuit<\/a><\/h6>\n\t\t\t\t\t\t\t\t\t\t\t\t<p>Pour vos travaux domestiques<\/p>\n\t\t\t\t\t\t\t\t\t\t\t<\/div>\n\t\t\t\t\t\t\t\t\t\t\t\t\t\t\t\t\t\t\t\t\n\t\t\t\t\t\t\t\t\t\t\n\t\t\t\t\t\t\t\t\t\t\t\t\t\t\t\t\t\t\t\t\t<div class=\"modern-icon\"><i class=\"fa fa-question\"><\/i><\/div>\n\t\t\t\t\t\t\t\t\t\t\t\t\t\t\t\t\t\t\t\t\n\t\t\t\t\t\t\t\t\t<\/div>\n\t\t\t\t\t\t\t\t\t<div class=\"tilter__deco--lines\"><\/div>\n\t\t\t\t\t\t\t\t<\/div>\n\t\t\t\t\t\t\t<\/div>\n\t\t\t\t\t\t<\/div>\n\t\t\t\t\t\t\t\t\t<\/div>\n\t\t\t<\/div>\n\t\t\t\t\t\t\t<div class=\"av-column-5 featuresbgwrapper\">\n\t\t\t\t\t<div class=\"features-image-wrap\">\n\t\t\t\t\t\t<div class=\"features-image\">\n\t\t\t\t\t\t\t<img decoding=\"async\" src=\"https:\/\/mathieu-renovation.ch\/wp-content\/uploads\/2023\/08\/6-e1691851885791.jpg\">\n\t\t\t\t\t\t<\/div>\n\t\t\t\t\t<\/div>\n\t\t\t\t<\/div>\n\t\t\t\t\t<\/div>\n\t<\/div>\n\t<div class=\"shape5\"><img decoding=\"async\" src=\"https:\/\/mathieu-renovation.ch\/wp-content\/plugins\/clever-fox\/inc\/appointo\/images\/clipArt\/shape5.png\" alt=\"image\"><\/div>\n\t<div class=\"shape6\"><img decoding=\"async\" src=\"https:\/\/mathieu-renovation.ch\/wp-content\/plugins\/clever-fox\/inc\/appointo\/images\/clipArt\/shape6.png\" alt=\"image\"><\/div>\n<\/section><div class=\"footer-two\">\n    <\/div>\n<\/div>\n<\/div>\n<\/div>\n\n\n\n<br\/>\n\n\n\n\n<h2 class=\"wp-block-heading\">Vid\u00e9o de pr\u00e9sentation<\/h2>\n\n\n\n<figure class=\"wp-block-embed aligncenter is-type-rich is-provider-prise-en-charge-des-contenus-embarques wp-block-embed-prise-en-charge-des-contenus-embarques\"><div class=\"wp-block-embed__wrapper\">\n<div style=\"width: 640px;\" class=\"wp-video\"><video class=\"wp-video-shortcode\" id=\"video-7-1\" width=\"640\" height=\"360\" preload=\"metadata\" controls=\"controls\"><source type=\"video\/mp4\" src=\"https:\/\/mathieu-renovation.ch\/wp-content\/uploads\/2023\/08\/25.mp4?_=1\" \/><a href=\"https:\/\/mathieu-renovation.ch\/wp-content\/uploads\/2023\/08\/25.mp4\">https:\/\/mathieu-renovation.ch\/wp-content\/uploads\/2023\/08\/25.mp4<\/a><\/video><\/div>\n<\/div><\/figure>\n\n\n\n<h2 class=\"wp-block-heading\">Photos<\/h2>\n\n\n\n<figure class=\"wp-block-gallery has-nested-images columns-4 is-cropped wp-block-gallery-1 is-layout-flex wp-block-gallery-is-layout-flex\">\n<figure class=\"wp-block-image size-large\"><img loading=\"lazy\" decoding=\"async\" width=\"474\" height=\"1024\" data-id=\"64\" src=\"https:\/\/mathieu-renovation.ch\/wp-content\/uploads\/2023\/08\/13-474x1024.jpeg\" alt=\"\" class=\"wp-image-64\" srcset=\"https:\/\/mathieu-renovation.ch\/wp-content\/uploads\/2023\/08\/13-474x1024.jpeg 474w, https:\/\/mathieu-renovation.ch\/wp-content\/uploads\/2023\/08\/13-139x300.jpeg 139w, https:\/\/mathieu-renovation.ch\/wp-content\/uploads\/2023\/08\/13-710x1536.jpeg 710w, https:\/\/mathieu-renovation.ch\/wp-content\/uploads\/2023\/08\/13.jpeg 740w\" sizes=\"auto, (max-width: 474px) 100vw, 474px\" \/><\/figure>\n\n\n\n<figure class=\"wp-block-image size-large\"><img loading=\"lazy\" decoding=\"async\" width=\"474\" height=\"1024\" data-id=\"63\" src=\"https:\/\/mathieu-renovation.ch\/wp-content\/uploads\/2023\/08\/12-474x1024.jpeg\" alt=\"\" class=\"wp-image-63\" srcset=\"https:\/\/mathieu-renovation.ch\/wp-content\/uploads\/2023\/08\/12-474x1024.jpeg 474w, https:\/\/mathieu-renovation.ch\/wp-content\/uploads\/2023\/08\/12-139x300.jpeg 139w, https:\/\/mathieu-renovation.ch\/wp-content\/uploads\/2023\/08\/12-710x1536.jpeg 710w, https:\/\/mathieu-renovation.ch\/wp-content\/uploads\/2023\/08\/12.jpeg 740w\" sizes=\"auto, (max-width: 474px) 100vw, 474px\" \/><\/figure>\n\n\n\n<figure class=\"wp-block-image size-large\"><img loading=\"lazy\" decoding=\"async\" width=\"1200\" height=\"1600\" data-id=\"60\" src=\"https:\/\/mathieu-renovation.ch\/wp-content\/uploads\/2023\/08\/24-768x1024.jpeg\" alt=\"\" class=\"wp-image-60\" srcset=\"https:\/\/mathieu-renovation.ch\/wp-content\/uploads\/2023\/08\/24-768x1024.jpeg 768w, https:\/\/mathieu-renovation.ch\/wp-content\/uploads\/2023\/08\/24-225x300.jpeg 225w, https:\/\/mathieu-renovation.ch\/wp-content\/uploads\/2023\/08\/24-1152x1536.jpeg 1152w, https:\/\/mathieu-renovation.ch\/wp-content\/uploads\/2023\/08\/24.jpeg 1200w\" sizes=\"auto, (max-width: 1200px) 100vw, 1200px\" \/><\/figure>\n\n\n\n<figure class=\"wp-block-image size-large\"><img loading=\"lazy\" decoding=\"async\" width=\"768\" height=\"1024\" data-id=\"59\" src=\"https:\/\/mathieu-renovation.ch\/wp-content\/uploads\/2023\/08\/23-768x1024.jpeg\" alt=\"\" class=\"wp-image-59\" srcset=\"https:\/\/mathieu-renovation.ch\/wp-content\/uploads\/2023\/08\/23-768x1024.jpeg 768w, https:\/\/mathieu-renovation.ch\/wp-content\/uploads\/2023\/08\/23-225x300.jpeg 225w, https:\/\/mathieu-renovation.ch\/wp-content\/uploads\/2023\/08\/23-1152x1536.jpeg 1152w, https:\/\/mathieu-renovation.ch\/wp-content\/uploads\/2023\/08\/23.jpeg 1200w\" sizes=\"auto, (max-width: 768px) 100vw, 768px\" \/><\/figure>\n\n\n\n<figure class=\"wp-block-image size-large\"><img loading=\"lazy\" decoding=\"async\" width=\"474\" height=\"1024\" data-id=\"57\" src=\"https:\/\/mathieu-renovation.ch\/wp-content\/uploads\/2023\/08\/21-474x1024.jpeg\" alt=\"\" class=\"wp-image-57\" srcset=\"https:\/\/mathieu-renovation.ch\/wp-content\/uploads\/2023\/08\/21-474x1024.jpeg 474w, https:\/\/mathieu-renovation.ch\/wp-content\/uploads\/2023\/08\/21-139x300.jpeg 139w, https:\/\/mathieu-renovation.ch\/wp-content\/uploads\/2023\/08\/21-710x1536.jpeg 710w, https:\/\/mathieu-renovation.ch\/wp-content\/uploads\/2023\/08\/21.jpeg 740w\" sizes=\"auto, (max-width: 474px) 100vw, 474px\" \/><\/figure>\n\n\n\n<figure class=\"wp-block-image size-large\"><img loading=\"lazy\" decoding=\"async\" width=\"474\" height=\"1024\" data-id=\"56\" src=\"https:\/\/mathieu-renovation.ch\/wp-content\/uploads\/2023\/08\/20-474x1024.jpeg\" alt=\"\" class=\"wp-image-56\" srcset=\"https:\/\/mathieu-renovation.ch\/wp-content\/uploads\/2023\/08\/20-474x1024.jpeg 474w, https:\/\/mathieu-renovation.ch\/wp-content\/uploads\/2023\/08\/20-139x300.jpeg 139w, https:\/\/mathieu-renovation.ch\/wp-content\/uploads\/2023\/08\/20-710x1536.jpeg 710w, https:\/\/mathieu-renovation.ch\/wp-content\/uploads\/2023\/08\/20.jpeg 740w\" sizes=\"auto, (max-width: 474px) 100vw, 474px\" \/><\/figure>\n\n\n\n<figure class=\"wp-block-image size-large\"><img loading=\"lazy\" decoding=\"async\" width=\"474\" height=\"1024\" data-id=\"34\" src=\"https:\/\/mathieu-renovation.ch\/wp-content\/uploads\/2023\/08\/IMG-20230812-WA0024-474x1024.jpg\" alt=\"\" class=\"wp-image-34\" srcset=\"https:\/\/mathieu-renovation.ch\/wp-content\/uploads\/2023\/08\/IMG-20230812-WA0024-474x1024.jpg 474w, https:\/\/mathieu-renovation.ch\/wp-content\/uploads\/2023\/08\/IMG-20230812-WA0024-139x300.jpg 139w, https:\/\/mathieu-renovation.ch\/wp-content\/uploads\/2023\/08\/IMG-20230812-WA0024-710x1536.jpg 710w, https:\/\/mathieu-renovation.ch\/wp-content\/uploads\/2023\/08\/IMG-20230812-WA0024.jpg 740w\" sizes=\"auto, (max-width: 474px) 100vw, 474px\" \/><\/figure>\n\n\n\n<figure class=\"wp-block-image size-large\"><img loading=\"lazy\" decoding=\"async\" width=\"474\" height=\"1024\" data-id=\"20\" src=\"https:\/\/mathieu-renovation.ch\/wp-content\/uploads\/2023\/08\/3-474x1024.jpg\" alt=\"\" class=\"wp-image-20\"\/><\/figure>\n\n\n\n<figure class=\"wp-block-image size-large\"><img loading=\"lazy\" decoding=\"async\" width=\"474\" height=\"1024\" data-id=\"26\" src=\"https:\/\/mathieu-renovation.ch\/wp-content\/uploads\/2023\/08\/5-474x1024.jpg\" alt=\"\" class=\"wp-image-26\" srcset=\"https:\/\/mathieu-renovation.ch\/wp-content\/uploads\/2023\/08\/5-474x1024.jpg 474w, https:\/\/mathieu-renovation.ch\/wp-content\/uploads\/2023\/08\/5-139x300.jpg 139w, https:\/\/mathieu-renovation.ch\/wp-content\/uploads\/2023\/08\/5-710x1536.jpg 710w, https:\/\/mathieu-renovation.ch\/wp-content\/uploads\/2023\/08\/5.jpg 740w\" sizes=\"auto, (max-width: 474px) 100vw, 474px\" \/><\/figure>\n\n\n\n<figure class=\"wp-block-image size-large\"><img loading=\"lazy\" decoding=\"async\" width=\"740\" height=\"1600\" data-id=\"25\" src=\"https:\/\/mathieu-renovation.ch\/wp-content\/uploads\/2023\/08\/4-474x1024.jpg\" alt=\"\" class=\"wp-image-25\" srcset=\"https:\/\/mathieu-renovation.ch\/wp-content\/uploads\/2023\/08\/4-474x1024.jpg 474w, https:\/\/mathieu-renovation.ch\/wp-content\/uploads\/2023\/08\/4-139x300.jpg 139w, https:\/\/mathieu-renovation.ch\/wp-content\/uploads\/2023\/08\/4-710x1536.jpg 710w, https:\/\/mathieu-renovation.ch\/wp-content\/uploads\/2023\/08\/4.jpg 740w\" sizes=\"auto, (max-width: 740px) 100vw, 740px\" \/><\/figure>\n\n\n\n<figure class=\"wp-block-image size-large\"><img loading=\"lazy\" decoding=\"async\" width=\"474\" height=\"1024\" data-id=\"27\" src=\"https:\/\/mathieu-renovation.ch\/wp-content\/uploads\/2023\/08\/6-474x1024.jpg\" alt=\"\" class=\"wp-image-27\"\/><\/figure>\n\n\n\n<figure class=\"wp-block-image size-large\"><img loading=\"lazy\" decoding=\"async\" width=\"474\" height=\"1024\" data-id=\"11\" src=\"https:\/\/mathieu-renovation.ch\/wp-content\/uploads\/2023\/08\/1-474x1024.jpg\" alt=\"\" class=\"wp-image-11\"\/><\/figure>\n\n\n\n<figure class=\"wp-block-image size-large\"><img loading=\"lazy\" decoding=\"async\" width=\"474\" height=\"1024\" data-id=\"36\" src=\"https:\/\/mathieu-renovation.ch\/wp-content\/uploads\/2023\/08\/IMG-20230812-WA0013-474x1024.jpg\" alt=\"\" class=\"wp-image-36\"\/><\/figure>\n\n\n\n<figure class=\"wp-block-image size-large\"><img loading=\"lazy\" decoding=\"async\" width=\"474\" height=\"1024\" data-id=\"35\" src=\"https:\/\/mathieu-renovation.ch\/wp-content\/uploads\/2023\/08\/IMG-20230812-WA0009-474x1024.jpg\" alt=\"\" class=\"wp-image-35\"\/><\/figure>\n\n\n\n<figure class=\"wp-block-image size-large\"><img loading=\"lazy\" decoding=\"async\" width=\"474\" height=\"1024\" data-id=\"53\" src=\"https:\/\/mathieu-renovation.ch\/wp-content\/uploads\/2023\/08\/17-474x1024.jpeg\" alt=\"\" class=\"wp-image-53\" srcset=\"https:\/\/mathieu-renovation.ch\/wp-content\/uploads\/2023\/08\/17-474x1024.jpeg 474w, https:\/\/mathieu-renovation.ch\/wp-content\/uploads\/2023\/08\/17-139x300.jpeg 139w, https:\/\/mathieu-renovation.ch\/wp-content\/uploads\/2023\/08\/17-710x1536.jpeg 710w, https:\/\/mathieu-renovation.ch\/wp-content\/uploads\/2023\/08\/17.jpeg 740w\" sizes=\"auto, (max-width: 474px) 100vw, 474px\" \/><\/figure>\n\n\n\n<figure class=\"wp-block-image size-large\"><img loading=\"lazy\" decoding=\"async\" width=\"474\" height=\"1024\" data-id=\"58\" src=\"https:\/\/mathieu-renovation.ch\/wp-content\/uploads\/2023\/08\/22-474x1024.jpeg\" alt=\"\" class=\"wp-image-58\" srcset=\"https:\/\/mathieu-renovation.ch\/wp-content\/uploads\/2023\/08\/22-474x1024.jpeg 474w, https:\/\/mathieu-renovation.ch\/wp-content\/uploads\/2023\/08\/22-139x300.jpeg 139w, https:\/\/mathieu-renovation.ch\/wp-content\/uploads\/2023\/08\/22-710x1536.jpeg 710w, https:\/\/mathieu-renovation.ch\/wp-content\/uploads\/2023\/08\/22.jpeg 740w\" sizes=\"auto, (max-width: 474px) 100vw, 474px\" \/><\/figure>\n\n\n\n<figure class=\"wp-block-image size-large\"><img loading=\"lazy\" decoding=\"async\" width=\"1024\" height=\"972\" data-id=\"66\" src=\"https:\/\/mathieu-renovation.ch\/wp-content\/uploads\/2023\/08\/15-1024x972.jpeg\" alt=\"\" class=\"wp-image-66\" srcset=\"https:\/\/mathieu-renovation.ch\/wp-content\/uploads\/2023\/08\/15-1024x972.jpeg 1024w, https:\/\/mathieu-renovation.ch\/wp-content\/uploads\/2023\/08\/15-300x285.jpeg 300w, https:\/\/mathieu-renovation.ch\/wp-content\/uploads\/2023\/08\/15-768x729.jpeg 768w, https:\/\/mathieu-renovation.ch\/wp-content\/uploads\/2023\/08\/15.jpeg 1282w\" sizes=\"auto, (max-width: 1024px) 100vw, 1024px\" \/><\/figure>\n\n\n\n<figure class=\"wp-block-image size-large\"><img loading=\"lazy\" decoding=\"async\" width=\"474\" height=\"1024\" data-id=\"62\" src=\"https:\/\/mathieu-renovation.ch\/wp-content\/uploads\/2023\/08\/11-474x1024.jpeg\" alt=\"\" class=\"wp-image-62\" srcset=\"https:\/\/mathieu-renovation.ch\/wp-content\/uploads\/2023\/08\/11-474x1024.jpeg 474w, https:\/\/mathieu-renovation.ch\/wp-content\/uploads\/2023\/08\/11-139x300.jpeg 139w, https:\/\/mathieu-renovation.ch\/wp-content\/uploads\/2023\/08\/11-710x1536.jpeg 710w, https:\/\/mathieu-renovation.ch\/wp-content\/uploads\/2023\/08\/11.jpeg 740w\" sizes=\"auto, (max-width: 474px) 100vw, 474px\" \/><\/figure>\n\n\n\n<figure class=\"wp-block-image size-large\"><img loading=\"lazy\" decoding=\"async\" width=\"474\" height=\"1024\" data-id=\"61\" src=\"https:\/\/mathieu-renovation.ch\/wp-content\/uploads\/2023\/08\/10-474x1024.jpeg\" alt=\"\" class=\"wp-image-61\" srcset=\"https:\/\/mathieu-renovation.ch\/wp-content\/uploads\/2023\/08\/10-474x1024.jpeg 474w, https:\/\/mathieu-renovation.ch\/wp-content\/uploads\/2023\/08\/10-139x300.jpeg 139w, https:\/\/mathieu-renovation.ch\/wp-content\/uploads\/2023\/08\/10-710x1536.jpeg 710w, https:\/\/mathieu-renovation.ch\/wp-content\/uploads\/2023\/08\/10.jpeg 740w\" sizes=\"auto, (max-width: 474px) 100vw, 474px\" \/><\/figure>\n\n\n\n<figure class=\"wp-block-image size-large\"><img loading=\"lazy\" decoding=\"async\" width=\"739\" height=\"250\" data-id=\"48\" src=\"https:\/\/mathieu-renovation.ch\/wp-content\/uploads\/2023\/08\/1-e1691850842253-edited.jpg\" alt=\"\" class=\"wp-image-48\" srcset=\"https:\/\/mathieu-renovation.ch\/wp-content\/uploads\/2023\/08\/1-e1691850842253-edited.jpg 739w, https:\/\/mathieu-renovation.ch\/wp-content\/uploads\/2023\/08\/1-e1691850842253-edited-300x101.jpg 300w\" sizes=\"auto, (max-width: 739px) 100vw, 739px\" \/><\/figure>\n<\/figure>\n","protected":false},"excerpt":{"rendered":"<p>R\u00e9novez Nettoyage et d\u00e9capage fa\u00e7ade R\u00e9novez Nettoyage et d\u00e9capage toiture SLIDESLIDE Appelez-Nous ! +41 76 792 14 73 Registre du commerce Ce que nousfaisons ? Nous faisons tous travaux domestiques, r\u00e9nvations d\u00e9capages nettoyages. Fa\u00e7ades, toitures et terrasses. D\u00e9placements gratuits Dans tous l&rsquo;ouest de la suisse Devis gratuit Pour vos travaux domestiques Vid\u00e9o de pr\u00e9sentation Photos<\/p>\n","protected":false},"author":1,"featured_media":0,"parent":0,"menu_order":0,"comment_status":"closed","ping_status":"closed","template":"","meta":{"footnotes":""},"class_list":["post-7","page","type-page","status-publish","hentry"],"_links":{"self":[{"href":"https:\/\/mathieu-renovation.ch\/index.php?rest_route=\/wp\/v2\/pages\/7","targetHints":{"allow":["GET"]}}],"collection":[{"href":"https:\/\/mathieu-renovation.ch\/index.php?rest_route=\/wp\/v2\/pages"}],"about":[{"href":"https:\/\/mathieu-renovation.ch\/index.php?rest_route=\/wp\/v2\/types\/page"}],"author":[{"embeddable":true,"href":"https:\/\/mathieu-renovation.ch\/index.php?rest_route=\/wp\/v2\/users\/1"}],"replies":[{"embeddable":true,"href":"https:\/\/mathieu-renovation.ch\/index.php?rest_route=%2Fwp%2Fv2%2Fcomments&post=7"}],"version-history":[{"count":14,"href":"https:\/\/mathieu-renovation.ch\/index.php?rest_route=\/wp\/v2\/pages\/7\/revisions"}],"predecessor-version":[{"id":91,"href":"https:\/\/mathieu-renovation.ch\/index.php?rest_route=\/wp\/v2\/pages\/7\/revisions\/91"}],"wp:attachment":[{"href":"https:\/\/mathieu-renovation.ch\/index.php?rest_route=%2Fwp%2Fv2%2Fmedia&parent=7"}],"curies":[{"name":"wp","href":"https:\/\/api.w.org\/{rel}","templated":true}]}}